{"id":142,"date":"2014-08-07T08:27:08","date_gmt":"2014-08-07T08:27:08","guid":{"rendered":"http:\/\/efijaszbereny.hu\/?page_id=142"},"modified":"2015-04-28T09:19:57","modified_gmt":"2015-04-28T09:19:57","slug":"xx-jasz-vilagtalalkozo-kepek","status":"publish","type":"page","link":"http:\/\/efijaszbereny.hu\/?page_id=142","title":{"rendered":"XX. J\u00e1sz Vil\u00e1gtal\u00e1lkoz\u00f3 &#8211; K\u00e9pek"},"content":{"rendered":"<p><a href=\"http:\/\/efijaszbereny.hu\/wp-content\/uploads\/2014\/08\/xx.-vil\u00e1gtal\u00e1lkoz\u00f3.jpg\"><img loading=\"lazy\" class=\"alignnone size-medium wp-image-143\" alt=\"xx. vil\u00e1gtal\u00e1lkoz\u00f3\" src=\"http:\/\/efijaszbereny.hu\/wp-content\/uploads\/2014\/08\/xx.-vil\u00e1gtal\u00e1lkoz\u00f3-198x300.jpg\" width=\"198\" height=\"300\" srcset=\"http:\/\/efijaszbereny.hu\/wp-content\/uploads\/2014\/08\/xx.-vil\u00e1gtal\u00e1lkoz\u00f3-198x300.jpg 198w, http:\/\/efijaszbereny.hu\/wp-content\/uploads\/2014\/08\/xx.-vil\u00e1gtal\u00e1lkoz\u00f3.jpg 508w\" sizes=\"(max-width: 198px) 85vw, 198px\" \/><\/a> <a href=\"http:\/\/efijaszbereny.hu\/wp-content\/uploads\/2014\/08\/xx.-vil\u00e1gtal\u00e1lkoz\u00f31.jpg\" target=\"_blank\"><img loading=\"lazy\" class=\"alignnone  wp-image-144\" alt=\"xx. vil\u00e1gtal\u00e1lkoz\u00f31\" src=\"http:\/\/efijaszbereny.hu\/wp-content\/uploads\/2014\/08\/xx.-vil\u00e1gtal\u00e1lkoz\u00f31.jpg\" width=\"384\" height=\"254\" srcset=\"http:\/\/efijaszbereny.hu\/wp-content\/uploads\/2014\/08\/xx.-vil\u00e1gtal\u00e1lkoz\u00f31.jpg 960w, http:\/\/efijaszbereny.hu\/wp-content\/uploads\/2014\/08\/xx.-vil\u00e1gtal\u00e1lkoz\u00f31-300x198.jpg 300w\" sizes=\"(max-width: 384px) 85vw, 384px\" \/><\/a> <a href=\"http:\/\/efijaszbereny.hu\/wp-content\/uploads\/2014\/08\/xx.-vil\u00e1gtal\u00e1lkoz\u00f32.jpg\" target=\"_blank\"><img loading=\"lazy\" class=\"alignnone  wp-image-145\" alt=\"xx. vil\u00e1gtal\u00e1lkoz\u00f32\" src=\"http:\/\/efijaszbereny.hu\/wp-content\/uploads\/2014\/08\/xx.-vil\u00e1gtal\u00e1lkoz\u00f32.jpg\" width=\"384\" height=\"254\" srcset=\"http:\/\/efijaszbereny.hu\/wp-content\/uploads\/2014\/08\/xx.-vil\u00e1gtal\u00e1lkoz\u00f32.jpg 960w, http:\/\/efijaszbereny.hu\/wp-content\/uploads\/2014\/08\/xx.-vil\u00e1gtal\u00e1lkoz\u00f32-300x198.jpg 300w\" sizes=\"(max-width: 384px) 85vw, 384px\" \/><\/a> <a href=\"http:\/\/efijaszbereny.hu\/wp-content\/uploads\/2014\/08\/xx.-vil\u00e1gtal\u00e1lkoz\u00f33.jpg\" target=\"_blank\"><img loading=\"lazy\" class=\"alignnone  wp-image-146\" alt=\"xx. vil\u00e1gtal\u00e1lkoz\u00f33\" src=\"http:\/\/efijaszbereny.hu\/wp-content\/uploads\/2014\/08\/xx.-vil\u00e1gtal\u00e1lkoz\u00f33.jpg\" width=\"384\" height=\"254\" srcset=\"http:\/\/efijaszbereny.hu\/wp-content\/uploads\/2014\/08\/xx.-vil\u00e1gtal\u00e1lkoz\u00f33.jpg 960w, http:\/\/efijaszbereny.hu\/wp-content\/uploads\/2014\/08\/xx.-vil\u00e1gtal\u00e1lkoz\u00f33-300x198.jpg 300w\" sizes=\"(max-width: 384px) 85vw, 384px\" \/><\/a> <a href=\"http:\/\/efijaszbereny.hu\/wp-content\/uploads\/2014\/08\/xx.-vil\u00e1gtal\u00e1lkoz\u00f34.jpg\" target=\"_blank\"><img loading=\"lazy\" class=\"alignnone  wp-image-147\" alt=\"xx. vil\u00e1gtal\u00e1lkoz\u00f34\" src=\"http:\/\/efijaszbereny.hu\/wp-content\/uploads\/2014\/08\/xx.-vil\u00e1gtal\u00e1lkoz\u00f34.jpg\" width=\"305\" height=\"461\" srcset=\"http:\/\/efijaszbereny.hu\/wp-content\/uploads\/2014\/08\/xx.-vil\u00e1gtal\u00e1lkoz\u00f34.jpg 508w, http:\/\/efijaszbereny.hu\/wp-content\/uploads\/2014\/08\/xx.-vil\u00e1gtal\u00e1lkoz\u00f34-198x300.jpg 198w\" sizes=\"(max-width: 305px) 85vw, 305px\" \/><\/a> <a href=\"http:\/\/efijaszbereny.hu\/wp-content\/uploads\/2014\/08\/xx.-vil\u00e1gtal\u00e1lkoz\u00f35.jpg\" target=\"_blank\"><img loading=\"lazy\" class=\"alignnone  wp-image-148\" alt=\"xx. vil\u00e1gtal\u00e1lkoz\u00f35\" src=\"http:\/\/efijaszbereny.hu\/wp-content\/uploads\/2014\/08\/xx.-vil\u00e1gtal\u00e1lkoz\u00f35.jpg\" width=\"305\" height=\"461\" srcset=\"http:\/\/efijaszbereny.hu\/wp-content\/uploads\/2014\/08\/xx.-vil\u00e1gtal\u00e1lkoz\u00f35.jpg 508w, http:\/\/efijaszbereny.hu\/wp-content\/uploads\/2014\/08\/xx.-vil\u00e1gtal\u00e1lkoz\u00f35-198x300.jpg 198w\" sizes=\"(max-width: 305px) 85vw, 305px\" \/><\/a> <a href=\"http:\/\/efijaszbereny.hu\/wp-content\/uploads\/2014\/08\/xx.-vil\u00e1gtal\u00e1lkoz\u00f36.jpg\" target=\"_blank\"><img loading=\"lazy\" class=\"alignnone  wp-image-149\" alt=\"xx. vil\u00e1gtal\u00e1lkoz\u00f36\" src=\"http:\/\/efijaszbereny.hu\/wp-content\/uploads\/2014\/08\/xx.-vil\u00e1gtal\u00e1lkoz\u00f36.jpg\" width=\"384\" height=\"254\" srcset=\"http:\/\/efijaszbereny.hu\/wp-content\/uploads\/2014\/08\/xx.-vil\u00e1gtal\u00e1lkoz\u00f36.jpg 960w, http:\/\/efijaszbereny.hu\/wp-content\/uploads\/2014\/08\/xx.-vil\u00e1gtal\u00e1lkoz\u00f36-300x198.jpg 300w\" sizes=\"(max-width: 384px) 85vw, 384px\" \/><\/a> <a href=\"http:\/\/efijaszbereny.hu\/wp-content\/uploads\/2014\/08\/xx.-vil\u00e1gtal\u00e1lkoz\u00f37.jpg\" target=\"_blank\"><img loading=\"lazy\" class=\"alignnone  wp-image-150\" alt=\"xx. vil\u00e1gtal\u00e1lkoz\u00f37\" src=\"http:\/\/efijaszbereny.hu\/wp-content\/uploads\/2014\/08\/xx.-vil\u00e1gtal\u00e1lkoz\u00f37.jpg\" width=\"384\" height=\"254\" srcset=\"http:\/\/efijaszbereny.hu\/wp-content\/uploads\/2014\/08\/xx.-vil\u00e1gtal\u00e1lkoz\u00f37.jpg 960w, http:\/\/efijaszbereny.hu\/wp-content\/uploads\/2014\/08\/xx.-vil\u00e1gtal\u00e1lkoz\u00f37-300x198.jpg 300w\" sizes=\"(max-width: 384px) 85vw, 384px\" \/><\/a><\/p>\n","protected":false},"excerpt":{"rendered":"","protected":false},"author":1,"featured_media":0,"parent":67,"menu_order":0,"comment_status":"closed","ping_status":"open","template":"","meta":[],"_links":{"self":[{"href":"http:\/\/efijaszbereny.hu\/index.php?rest_route=\/wp\/v2\/pages\/142"}],"collection":[{"href":"http:\/\/efijaszbereny.hu\/index.php?rest_route=\/wp\/v2\/pages"}],"about":[{"href":"http:\/\/efijaszbereny.hu\/index.php?rest_route=\/wp\/v2\/types\/page"}],"author":[{"embeddable":true,"href":"http:\/\/efijaszbereny.hu\/index.php?rest_route=\/wp\/v2\/users\/1"}],"replies":[{"embeddable":true,"href":"http:\/\/efijaszbereny.hu\/index.php?rest_route=%2Fwp%2Fv2%2Fcomments&post=142"}],"version-history":[{"count":1,"href":"http:\/\/efijaszbereny.hu\/index.php?rest_route=\/wp\/v2\/pages\/142\/revisions"}],"predecessor-version":[{"id":151,"href":"http:\/\/efijaszbereny.hu\/index.php?rest_route=\/wp\/v2\/pages\/142\/revisions\/151"}],"up":[{"embeddable":true,"href":"http:\/\/efijaszbereny.hu\/index.php?rest_route=\/wp\/v2\/pages\/67"}],"wp:attachment":[{"href":"http:\/\/efijaszbereny.hu\/index.php?rest_route=%2Fwp%2Fv2%2Fmedia&parent=142"}],"curies":[{"name":"wp","href":"https:\/\/api.w.org\/{rel}","templated":true}]}}